{"id":25834851,"date":"2025-03-31T10:37:41","date_gmt":"2025-03-31T08:37:41","guid":{"rendered":"https:\/\/bernardfroment.com\/sculptures\/the-dioms\/"},"modified":"2025-07-03T12:51:41","modified_gmt":"2025-07-03T10:51:41","slug":"the-dioms","status":"publish","type":"page","link":"https:\/\/bernardfroment.com\/en\/sculptures\/the-dioms\/","title":{"rendered":"The Dioms"},"content":{"rendered":"<p>[et_pb_section fb_built=&#8221;1&#8243; custom_padding_last_edited=&#8221;on|tablet&#8221; admin_label=&#8221;Header&#8221; _builder_version=&#8221;4.27.4&#8243; _module_preset=&#8221;default&#8221; use_background_color_gradient=&#8221;on&#8221; background_color_gradient_stops=&#8221;rgba(0,0,0,0) 0%|#000000 86%&#8221; background_color_gradient_overlays_image=&#8221;on&#8221; background_image=&#8221;https:\/\/bernardfroment.com\/wp-content\/uploads\/2025\/03\/dioms.jpg&#8221; height=&#8221;926px&#8221; height_tablet=&#8221;470px&#8221; height_phone=&#8221;468px&#8221; height_last_edited=&#8221;on|phone&#8221; custom_padding=&#8221;7.6%||0px||false|false&#8221; custom_padding_tablet=&#8221;60px||||false|false&#8221; custom_padding_phone=&#8221;60px||||false|false&#8221; top_divider_style=&#8221;wave&#8221; top_divider_color=&#8221;#FFFFFF&#8221; top_divider_height=&#8221;41px&#8221; locked=&#8221;off&#8221; collapsed=&#8221;on&#8221; global_colors_info=&#8221;{}&#8221;][\/et_pb_section][et_pb_section fb_built=&#8221;1&#8243; admin_label=&#8221;Services&#8221; _builder_version=&#8221;4.27.4&#8243; _module_preset=&#8221;default&#8221; background_color=&#8221;#000000&#8243; custom_padding=&#8221;18px||6px|||&#8221; bottom_divider_height=&#8221;65px&#8221; locked=&#8221;off&#8221; collapsed=&#8221;on&#8221; global_colors_info=&#8221;{%22gcid-2cf18f4b-ad1d-4daf-a40a-75be4919065f%22:%91%22background_color%22%93}&#8221;][et_pb_row make_equal=&#8221;on&#8221; _builder_version=&#8221;4.27.4&#8243; _module_preset=&#8221;default&#8221; global_colors_info=&#8221;{}&#8221;][et_pb_column type=&#8221;4_4&#8243; _builder_version=&#8221;4.18.0&#8243; _module_preset=&#8221;default&#8221; background_color=&#8221;gcid-55e89f59-bdfa-4c7c-a24f-b278f03ffe74&#8243; custom_padding=&#8221;60px|60px|60px|60px|true|true&#8221; custom_padding_tablet=&#8221;30px|30px|30px|30px|true|true&#8221; custom_padding_phone=&#8221;20px|20px|20px|20px|true|true&#8221; custom_padding_last_edited=&#8221;on|desktop&#8221; global_colors_info=&#8221;{%22gcid-55e89f59-bdfa-4c7c-a24f-b278f03ffe74%22:%91%22background_color%22%93}&#8221;][et_pb_text _builder_version=&#8221;4.27.4&#8243; _module_preset=&#8221;b327cbe4-b1d5-4b66-ad37-40c8f2f061ba&#8221; header_text_color=&#8221;#FFFFFF&#8221; header_2_font=&#8221;Roboto|300||on|||||&#8221; header_2_text_color=&#8221;#FFFFFF&#8221; header_2_font_size=&#8221;48px&#8221; header_2_line_height=&#8221;1.2em&#8221; text_orientation=&#8221;right&#8221; custom_margin=&#8221;-71px|||||&#8221; header_2_font_size_tablet=&#8221;32px&#8221; header_2_font_size_phone=&#8221;20px&#8221; header_2_font_size_last_edited=&#8221;on|desktop&#8221; global_colors_info=&#8221;{%22gcid-1adb0c48-e943-4be8-b747-83127bdbd76c%22:%91%22header_2_text_color%22%93}&#8221;]<\/p>\n<h2 style=\"text-align: center;\">The Dioms<\/h2>\n<p>[\/et_pb_text][et_pb_divider color=&#8221;#e07511&#8243; divider_weight=&#8221;4px&#8221; _builder_version=&#8221;4.27.4&#8243; _module_preset=&#8221;default&#8221; max_width=&#8221;220px&#8221; module_alignment=&#8221;center&#8221; custom_margin=&#8221;||||false|false&#8221; locked=&#8221;off&#8221; global_colors_info=&#8221;{%22gcid-f1414204-51c0-48ff-bc68-c545a86d03e7%22:%91%22color%22%93}&#8221;][\/et_pb_divider][\/et_pb_column][\/et_pb_row][et_pb_row column_structure=&#8221;1_3,1_3,1_3&#8243; _builder_version=&#8221;4.27.4&#8243; _module_preset=&#8221;default&#8221; custom_margin=&#8221;||100px||false|false&#8221; global_colors_info=&#8221;{}&#8221;][et_pb_column type=&#8221;1_3&#8243; _builder_version=&#8221;4.27.4&#8243; _module_preset=&#8221;default&#8221; global_colors_info=&#8221;{}&#8221;][et_pb_image src=&#8221;https:\/\/bernardfroment.com\/wp-content\/uploads\/2025\/03\/Coquillage-et-st-Jack.jpg&#8221; title_text=&#8221;Shell-and-st-Jack&#8221; show_in_lightbox=&#8221;on&#8221; _builder_version=&#8221;4.27.4&#8243; _dynamic_attributes=&#8221;url&#8221; _module_preset=&#8221;default&#8221; custom_padding=&#8221;3px|||||&#8221; global_colors_info=&#8221;{}&#8221;][\/et_pb_image][et_pb_text _builder_version=&#8221;4.27.4&#8243; _module_preset=&#8221;default&#8221; text_font=&#8221;||||||||&#8221; text_text_color=&#8221;#FFFFFF&#8221; text_font_size=&#8221;16px&#8221; global_colors_info=&#8221;{}&#8221;]<\/p>\n<p style=\"text-align: center;\"><strong>COQUILLAGE &amp; SAINT-JACK<\/strong><br \/>200 x 90 cm &#8211; 224 x 50 cm, 2024<\/p>\n<p>[\/et_pb_text][\/et_pb_column][et_pb_column type=&#8221;1_3&#8243; _builder_version=&#8221;4.27.4&#8243; _module_preset=&#8221;default&#8221; global_colors_info=&#8221;{}&#8221;][et_pb_image src=&#8221;https:\/\/bernardfroment.com\/wp-content\/uploads\/2025\/03\/Le-Couronne.jpg&#8221; title_text=&#8221;Le-Couronne&#8221; show_in_lightbox=&#8221;on&#8221; _builder_version=&#8221;4.27.4&#8243; _module_preset=&#8221;default&#8221; global_colors_info=&#8221;{}&#8221;][\/et_pb_image][et_pb_text _builder_version=&#8221;4.27.4&#8243; _module_preset=&#8221;default&#8221; text_font=&#8221;||||||||&#8221; text_text_color=&#8221;#FFFFFF&#8221; text_font_size=&#8221;16px&#8221; header_font=&#8221;|||on|||||&#8221; global_colors_info=&#8221;{}&#8221;]<\/p>\n<p style=\"text-align: center;\"><strong>LE COURONNE\u00c9<\/strong><br \/>\n190 x 50 cm, 2024<\/p>\n<p>[\/et_pb_text][\/et_pb_column][et_pb_column type=&#8221;1_3&#8243; _builder_version=&#8221;4.27.4&#8243; _module_preset=&#8221;default&#8221; global_colors_info=&#8221;{}&#8221;][et_pb_image src=&#8221;https:\/\/bernardfroment.com\/wp-content\/uploads\/2025\/03\/Le-sage.jpg&#8221; title_text=&#8221;Le-sage&#8221; show_in_lightbox=&#8221;on&#8221; _builder_version=&#8221;4.27.4&#8243; _module_preset=&#8221;default&#8221; global_colors_info=&#8221;{}&#8221;][\/et_pb_image][et_pb_text _builder_version=&#8221;4.27.4&#8243; _module_preset=&#8221;default&#8221; text_font=&#8221;||||||||&#8221; text_text_color=&#8221;#FFFFFF&#8221; text_font_size=&#8221;16px&#8221; global_colors_info=&#8221;{}&#8221;]<\/p>\n<p style=\"text-align: center;\"><strong>LE SAGE<\/strong><br \/>165 x 50 cm,2024<\/p>\n<p>[\/et_pb_text][\/et_pb_column][\/et_pb_row][\/et_pb_section][et_pb_section fb_built=&#8221;1&#8243; admin_label=&#8221;Services&#8221; _builder_version=&#8221;4.27.4&#8243; _module_preset=&#8221;default&#8221; background_color=&#8221;#000000&#8243; custom_padding=&#8221;18px||207px|||&#8221; bottom_divider_height=&#8221;65px&#8221; locked=&#8221;off&#8221; collapsed=&#8221;on&#8221; global_colors_info=&#8221;{%22gcid-2cf18f4b-ad1d-4daf-a40a-75be4919065f%22:%91%22background_color%22%93}&#8221;][et_pb_row column_structure=&#8221;1_3,1_3,1_3&#8243; _builder_version=&#8221;4.27.4&#8243; _module_preset=&#8221;default&#8221; custom_margin=&#8221;||100px||false|false&#8221; global_colors_info=&#8221;{}&#8221;][et_pb_column type=&#8221;1_3&#8243; _builder_version=&#8221;4.27.4&#8243; _module_preset=&#8221;default&#8221; global_colors_info=&#8221;{}&#8221;][et_pb_image src=&#8221;https:\/\/bernardfroment.com\/wp-content\/uploads\/2025\/03\/oeilvif.jpg&#8221; title_text=&#8221;oeilvif&#8221; show_in_lightbox=&#8221;on&#8221; _builder_version=&#8221;4.27.4&#8243; _module_preset=&#8221;default&#8221; global_colors_info=&#8221;{}&#8221;][\/et_pb_image][et_pb_text _builder_version=&#8221;4.27.4&#8243; _module_preset=&#8221;default&#8221; text_font=&#8221;||||||||&#8221; text_text_color=&#8221;#FFFFFF&#8221; text_font_size=&#8221;16px&#8221; global_colors_info=&#8221;{}&#8221;]<\/p>\n<p style=\"text-align: center;\"><strong>L&#8217;\u0152IL VIF<\/strong><br \/>150 x 56 cm, 2024<\/p>\n<p>[\/et_pb_text][\/et_pb_column][et_pb_column type=&#8221;1_3&#8243; _builder_version=&#8221;4.27.4&#8243; _module_preset=&#8221;default&#8221; global_colors_info=&#8221;{}&#8221;][et_pb_image src=&#8221;https:\/\/bernardfroment.com\/wp-content\/uploads\/2025\/03\/Le-bec-et-lenfant.jpg&#8221; title_text=&#8221;Le-bec-et-lenfant&#8221; show_in_lightbox=&#8221;on&#8221; _builder_version=&#8221;4.27.4&#8243; _module_preset=&#8221;default&#8221; global_colors_info=&#8221;{}&#8221;][\/et_pb_image][et_pb_text _builder_version=&#8221;4.27.4&#8243; _module_preset=&#8221;default&#8221; text_font=&#8221;||||||||&#8221; text_text_color=&#8221;#FFFFFF&#8221; text_font_size=&#8221;16px&#8221; global_colors_info=&#8221;{}&#8221;]<\/p>\n<p style=\"text-align: center;\"><strong>LE BEC &amp; L&#8217;ENFANT<\/strong><br \/>190 x 60 cm &#8211; 125 x 60 cm, 2024<\/p>\n<p>[\/et_pb_text][\/et_pb_column][et_pb_column type=&#8221;1_3&#8243; _builder_version=&#8221;4.27.4&#8243; _module_preset=&#8221;default&#8221; global_colors_info=&#8221;{}&#8221;][et_pb_image src=&#8221;https:\/\/bernardfroment.com\/wp-content\/uploads\/2025\/03\/elephant.jpg&#8221; title_text=&#8221;elephant&#8221; show_in_lightbox=&#8221;on&#8221; _builder_version=&#8221;4.27.4&#8243; _module_preset=&#8221;default&#8221; global_colors_info=&#8221;{}&#8221;][\/et_pb_image][et_pb_text _builder_version=&#8221;4.27.4&#8243; _module_preset=&#8221;default&#8221; text_font=&#8221;||||||||&#8221; text_text_color=&#8221;#FFFFFF&#8221; text_font_size=&#8221;16px&#8221; global_colors_info=&#8221;{}&#8221;]<\/p>\n<p style=\"text-align: center;\"><strong>L&#8217;\u00c9L\u00c9PHANT<\/strong><br \/>178 x 60 cm, 2024<\/p>\n<p>[\/et_pb_text][\/et_pb_column][\/et_pb_row][et_pb_row column_structure=&#8221;1_3,2_3&#8243; _builder_version=&#8221;4.27.4&#8243; _module_preset=&#8221;default&#8221; custom_margin=&#8221;||100px||false|false&#8221; global_colors_info=&#8221;{}&#8221;][et_pb_column type=&#8221;1_3&#8243; _builder_version=&#8221;4.27.4&#8243; _module_preset=&#8221;default&#8221; global_colors_info=&#8221;{}&#8221;][et_pb_image src=&#8221;https:\/\/bernardfroment.com\/wp-content\/uploads\/2025\/03\/Lange-et-le-Tamanoir.jpg&#8221; title_text=&#8221;Lange-et-le-Tamanoir&#8221; show_in_lightbox=&#8221;on&#8221; _builder_version=&#8221;4.27.4&#8243; _module_preset=&#8221;default&#8221; global_colors_info=&#8221;{}&#8221;][\/et_pb_image][et_pb_text _builder_version=&#8221;4.27.4&#8243; _module_preset=&#8221;default&#8221; text_font=&#8221;||||||||&#8221; text_text_color=&#8221;#FFFFFF&#8221; text_font_size=&#8221;16px&#8221; global_colors_info=&#8221;{}&#8221;]<\/p>\n<p style=\"text-align: center;\"><strong>L&#8217;ANGE &amp; LE TAMANOIR<\/strong><br \/>172 x 60 cm &#8211; 200 x 100 cm, 2024<\/p>\n<p>[\/et_pb_text][\/et_pb_column][et_pb_column type=&#8221;2_3&#8243; _builder_version=&#8221;4.27.4&#8243; _module_preset=&#8221;default&#8221; global_colors_info=&#8221;{}&#8221;][et_pb_image src=&#8221;https:\/\/bernardfroment.com\/wp-content\/uploads\/2025\/03\/Photos-B.COSTE-LES-DIOMS.jpg&#8221; title_text=&#8221;Photos-B.COSTE-LES-DIOMS&#8221; _builder_version=&#8221;4.27.4&#8243; _module_preset=&#8221;default&#8221; global_colors_info=&#8221;{}&#8221;][\/et_pb_image][\/et_pb_column][\/et_pb_row][et_pb_row _builder_version=&#8221;4.27.4&#8243; _module_preset=&#8221;default&#8221; hover_enabled=&#8221;0&#8243; sticky_enabled=&#8221;0&#8243;][et_pb_column _builder_version=&#8221;4.27.4&#8243; _module_preset=&#8221;default&#8221; type=&#8221;4_4&#8243;][et_pb_text _builder_version=&#8221;4.27.4&#8243; _module_preset=&#8221;default&#8221; header_5_text_color=&#8221;#FFFFFF&#8221; header_5_font_size=&#8221;24px&#8221; text_text_color=&#8221;#FFFFFF&#8221; text_font_size=&#8221;16px&#8221; hover_enabled=&#8221;0&#8243; sticky_enabled=&#8221;0&#8243;]<\/p>\n<h5 class=\"et_pb_toggle_title\">The Dioms<\/h5>\n<div class=\"et_pb_toggle_content clearfix\">\n<p>Here we are, already, now, at this moment, in this state of affairs,<\/p>\n<p>in a state of evidence that keeps us on our feet and moving forward.<\/p>\n<p>These beings are the latest to emerge from a liberated space.<\/p>\n<p>From these heads escaped from the fire, the best of the tree remains a thought.<\/p>\n<p>From this glass neck, another fragility and column between thought and materiality.<\/p>\n<p>These beings are dressed in sacks of wheat, corn, bags of life at the service of our lives.<\/p>\n<p>As with our lives, fill, empty, wear out, and with joy they are overturned and illuminated by the light.<\/p>\n<p>The inner light that is given to every living being. These open bags, torn between the heart and the lower abdomen, right at the precise point from which strength springs. <\/p>\n<p>It&#8217;s protected and filtered by a glass plate, a utensil they use to eat.<\/p>\n<p>Take and be aware of our Food, essential to our Life. We are what we eat. <\/p>\n<p>Finally, these beings stand on a pedestal that links them to the earth and to the work of men: a disc, an agricultural tool as a root.<\/p>\n<p>Their outfit also has a few mirror-like spots; without being narcissistic, it&#8217;s the link, the correspondence like a lighthouse at the end of the pier.<\/p>\n<p>These beings, my beings, have received everything, experienced everything; they only move forward in awareness of the essential, in serenity, austerity and a deep relationship with this inner light that is their only notion of healing. They&#8217;re out of that poor duality: beyond influence, beyond fear, beyond brokenness. Just an intense inwardness, a personality that drives them to be surely connected to others and to something else.  <\/p>\n<p>They are Dioms, half God, half Man. Simply exceptional beings of great wisdom. <\/p>\n<p>They are in knowledge. Everything is within them, and it&#8217;s because they are Thems that they can be with others. They are in Transmission.  <\/p>\n<p>Poverty is the refuge in the Other, or the accusation of the Other.<\/p>\n<p>They are Luminously Happy.<\/p>\n<p>Together in the field, in the sound of the wind,<\/p>\n<p>Near the Golden Bird Tree,<\/p>\n<p>They are at peace.<\/p>\n<p><strong><em>B. Froment<\/em><\/strong><\/p>\n<p>&nbsp;<\/p>\n<\/div>\n<p>[\/et_pb_text][\/et_pb_column][\/et_pb_row][\/et_pb_section][et_pb_section fb_built=&#8221;1&#8243; fullwidth=&#8221;on&#8221; _builder_version=&#8221;4.27.4&#8243; _module_preset=&#8221;default&#8221; background_color=&#8221;RGBA(255,255,255,0)&#8221; background_image=&#8221;https:\/\/bernardfroment.com\/wp-content\/uploads\/2025\/03\/1.jpg&#8221; height=&#8221;794px&#8221; bottom_divider_style=&#8221;wave2&#8243; bottom_divider_color=&#8221;#000000&#8243; global_colors_info=&#8221;{}&#8221; bottom_divider_height__hover=&#8221;32px&#8221; bottom_divider_height__hover_enabled=&#8221;on|hover&#8221;][\/et_pb_section]<\/p>\n","protected":false},"excerpt":{"rendered":"<p>The DiomsCOQUILLAGE &amp; SAINT-JACK200 x 90 cm &#8211; 224 x 50 cm, 2024LE COURONNE\u00c9 190 x 50 cm, 2024LE SAGE165 x 50 cm,2024L&#8217;\u0152IL VIF150 x 56 cm, 2024LE BEC &amp; L&#8217;ENFANT190 x 60 cm &#8211; 125 x 60 cm, 2024L&#8217;\u00c9L\u00c9PHANT178 x 60 cm, 2024L&#8217;ANGE &amp; LE TAMANOIR172 x 60 cm &#8211; 200 x 100 cm, [&hellip;]<\/p>\n","protected":false},"author":2,"featured_media":0,"parent":25834837,"menu_order":0,"comment_status":"closed","ping_status":"closed","template":"","meta":{"_et_pb_use_builder":"on","_et_pb_old_content":"","_et_gb_content_width":"","footnotes":""},"dipi_cpt_category":[],"class_list":["post-25834851","page","type-page","status-publish","hentry"],"_links":{"self":[{"href":"https:\/\/bernardfroment.com\/en\/wp-json\/wp\/v2\/pages\/25834851","targetHints":{"allow":["GET"]}}],"collection":[{"href":"https:\/\/bernardfroment.com\/en\/wp-json\/wp\/v2\/pages"}],"about":[{"href":"https:\/\/bernardfroment.com\/en\/wp-json\/wp\/v2\/types\/page"}],"author":[{"embeddable":true,"href":"https:\/\/bernardfroment.com\/en\/wp-json\/wp\/v2\/users\/2"}],"replies":[{"embeddable":true,"href":"https:\/\/bernardfroment.com\/en\/wp-json\/wp\/v2\/comments?post=25834851"}],"version-history":[{"count":1,"href":"https:\/\/bernardfroment.com\/en\/wp-json\/wp\/v2\/pages\/25834851\/revisions"}],"predecessor-version":[{"id":25834855,"href":"https:\/\/bernardfroment.com\/en\/wp-json\/wp\/v2\/pages\/25834851\/revisions\/25834855"}],"up":[{"embeddable":true,"href":"https:\/\/bernardfroment.com\/en\/wp-json\/wp\/v2\/pages\/25834837"}],"wp:attachment":[{"href":"https:\/\/bernardfroment.com\/en\/wp-json\/wp\/v2\/media?parent=25834851"}],"wp:term":[{"taxonomy":"dipi_cpt_category","embeddable":true,"href":"https:\/\/bernardfroment.com\/en\/wp-json\/wp\/v2\/dipi_cpt_category?post=25834851"}],"curies":[{"name":"wp","href":"https:\/\/api.w.org\/{rel}","templated":true}]}}