{"id":25834862,"date":"2025-03-14T16:56:27","date_gmt":"2025-03-14T15:56:27","guid":{"rendered":"https:\/\/bernardfroment.com\/sculptures\/totems\/"},"modified":"2025-07-03T12:51:42","modified_gmt":"2025-07-03T10:51:42","slug":"totems","status":"publish","type":"page","link":"https:\/\/bernardfroment.com\/en\/sculptures\/totems\/","title":{"rendered":"Totems"},"content":{"rendered":"<p>[et_pb_section fb_built=&#8221;1&#8243; custom_padding_last_edited=&#8221;on|tablet&#8221; admin_label=&#8221;Header&#8221; _builder_version=&#8221;4.27.4&#8243; _module_preset=&#8221;default&#8221; use_background_color_gradient=&#8221;on&#8221; background_color_gradient_stops=&#8221;rgba(0,0,0,0) 0%|#000000 86%&#8221; background_color_gradient_overlays_image=&#8221;on&#8221; background_image=&#8221;https:\/\/bernardfroment.com\/wp-content\/uploads\/2025\/01\/11-2.jpg&#8221; height=&#8221;435px&#8221; height_tablet=&#8221;470px&#8221; height_phone=&#8221;468px&#8221; height_last_edited=&#8221;on|phone&#8221; custom_padding=&#8221;7.6%||0px||false|false&#8221; custom_padding_tablet=&#8221;60px||||false|false&#8221; custom_padding_phone=&#8221;60px||||false|false&#8221; top_divider_style=&#8221;wave&#8221; top_divider_color=&#8221;#FFFFFF&#8221; top_divider_height=&#8221;41px&#8221; locked=&#8221;off&#8221; collapsed=&#8221;on&#8221; global_colors_info=&#8221;{}&#8221;][\/et_pb_section][et_pb_section fb_built=&#8221;1&#8243; admin_label=&#8221;Services&#8221; _builder_version=&#8221;4.27.4&#8243; _module_preset=&#8221;default&#8221; background_color=&#8221;#000000&#8243; custom_padding=&#8221;18px||207px|||&#8221; bottom_divider_height=&#8221;65px&#8221; locked=&#8221;off&#8221; collapsed=&#8221;on&#8221; global_colors_info=&#8221;{%22gcid-2cf18f4b-ad1d-4daf-a40a-75be4919065f%22:%91%22background_color%22%93}&#8221;][et_pb_row make_equal=&#8221;on&#8221; _builder_version=&#8221;4.27.4&#8243; _module_preset=&#8221;default&#8221; global_colors_info=&#8221;{}&#8221;][et_pb_column type=&#8221;4_4&#8243; _builder_version=&#8221;4.18.0&#8243; _module_preset=&#8221;default&#8221; background_color=&#8221;gcid-55e89f59-bdfa-4c7c-a24f-b278f03ffe74&#8243; custom_padding=&#8221;60px|60px|60px|60px|true|true&#8221; custom_padding_tablet=&#8221;30px|30px|30px|30px|true|true&#8221; custom_padding_phone=&#8221;20px|20px|20px|20px|true|true&#8221; custom_padding_last_edited=&#8221;on|desktop&#8221; global_colors_info=&#8221;{%22gcid-55e89f59-bdfa-4c7c-a24f-b278f03ffe74%22:%91%22background_color%22%93}&#8221;][et_pb_text _builder_version=&#8221;4.27.4&#8243; _module_preset=&#8221;b327cbe4-b1d5-4b66-ad37-40c8f2f061ba&#8221; header_text_color=&#8221;#FFFFFF&#8221; header_2_font=&#8221;Roboto|300||on|||||&#8221; header_2_text_color=&#8221;#FFFFFF&#8221; header_2_font_size=&#8221;48px&#8221; header_2_line_height=&#8221;1.2em&#8221; text_orientation=&#8221;right&#8221; custom_margin=&#8221;-71px|||||&#8221; header_2_font_size_tablet=&#8221;32px&#8221; header_2_font_size_phone=&#8221;20px&#8221; header_2_font_size_last_edited=&#8221;on|desktop&#8221; global_colors_info=&#8221;{%22gcid-1adb0c48-e943-4be8-b747-83127bdbd76c%22:%91%22header_2_text_color%22%93}&#8221;]<\/p>\n<h2 style=\"text-align: center;\">TOTEMS<\/h2>\n<p>[\/et_pb_text][et_pb_divider color=&#8221;#e07511&#8243; divider_weight=&#8221;4px&#8221; _builder_version=&#8221;4.27.4&#8243; _module_preset=&#8221;default&#8221; max_width=&#8221;200px&#8221; module_alignment=&#8221;center&#8221; custom_margin=&#8221;||||false|false&#8221; locked=&#8221;off&#8221; global_colors_info=&#8221;{%22gcid-f1414204-51c0-48ff-bc68-c545a86d03e7%22:%91%22color%22%93}&#8221;][\/et_pb_divider][\/et_pb_column][\/et_pb_row][et_pb_row column_structure=&#8221;1_3,1_3,1_3&#8243; _builder_version=&#8221;4.27.4&#8243; _module_preset=&#8221;default&#8221; custom_margin=&#8221;||100px||false|false&#8221; global_colors_info=&#8221;{}&#8221;][et_pb_column type=&#8221;1_3&#8243; _builder_version=&#8221;4.27.4&#8243; _module_preset=&#8221;default&#8221; global_colors_info=&#8221;{}&#8221;][et_pb_image src=&#8221;https:\/\/bernardfroment.com\/wp-content\/uploads\/2025\/03\/SOLEIL-DE-CHARMES-233x70x50cm-bois-verre-m\u201atal-2021.jpg&#8221; title_text=&#8221;CHARMING SUN 233x70x50cm wood glass m&#039;tal 2021&#8243; show_in_lightbox=&#8221;on&#8221; _builder_version=&#8221;4.27.4&#8243; _dynamic_attributes=&#8221;url&#8221; _module_preset=&#8221;default&#8221; custom_padding=&#8221;3px|||||&#8221; global_colors_info=&#8221;{}&#8221;][\/et_pb_image][et_pb_text _builder_version=&#8221;4.27.4&#8243; _module_preset=&#8221;default&#8221; text_font=&#8221;||||||||&#8221; text_text_color=&#8221;#FFFFFF&#8221; text_font_size=&#8221;16px&#8221; global_colors_info=&#8221;{}&#8221;]<\/p>\n<p style=\"text-align: center;\"><strong>SUN OF CHARM<\/strong><br \/>233 x 70 x 50 cm, 2021<br \/>wood, glass, metal<\/p>\n<p>[\/et_pb_text][\/et_pb_column][et_pb_column type=&#8221;1_3&#8243; _builder_version=&#8221;4.27.4&#8243; _module_preset=&#8221;default&#8221; global_colors_info=&#8221;{}&#8221;][et_pb_image src=&#8221;https:\/\/bernardfroment.com\/wp-content\/uploads\/2025\/03\/LIBERT\u0090-DANSE-185x132x50-cm-bois-verre-m\u0082tal-2023.jpg&#8221; title_text=&#8221;LIBERT DANSE 185x132x50 cm wood glass mtal 2023&#8243; show_in_lightbox=&#8221;on&#8221; _builder_version=&#8221;4.27.4&#8243; _module_preset=&#8221;default&#8221; global_colors_info=&#8221;{}&#8221;][\/et_pb_image][et_pb_text _builder_version=&#8221;4.27.4&#8243; _module_preset=&#8221;default&#8221; text_font=&#8221;||||||||&#8221; text_text_color=&#8221;#FFFFFF&#8221; text_font_size=&#8221;16px&#8221; global_colors_info=&#8221;{}&#8221;]<\/p>\n<p style=\"text-align: center;\"><strong>LIBERT\u00c9 DANSE<\/strong><br \/>185 x 132 x 50 cm, 2023<br \/>wood, glass, metal<\/p>\n<p>[\/et_pb_text][\/et_pb_column][et_pb_column type=&#8221;1_3&#8243; _builder_version=&#8221;4.27.4&#8243; _module_preset=&#8221;default&#8221; global_colors_info=&#8221;{}&#8221;][et_pb_image src=&#8221;https:\/\/bernardfroment.com\/wp-content\/uploads\/2025\/03\/LE-GRAND-CHATAIGNER-BRUL\u0090-216x50cm-bois-verre-m\u0082tal-2020-1.jpg&#8221; title_text=&#8221;LE-GRAND-CHATAIGNER-BRUL-216x50cm&#8211;bois-verre-mtal-2020&#8243; show_in_lightbox=&#8221;on&#8221; _builder_version=&#8221;4.27.4&#8243; _module_preset=&#8221;default&#8221; global_colors_info=&#8221;{}&#8221;][\/et_pb_image][et_pb_text _builder_version=&#8221;4.27.4&#8243; _module_preset=&#8221;default&#8221; text_font=&#8221;||||||||&#8221; text_text_color=&#8221;#FFFFFF&#8221; text_font_size=&#8221;16px&#8221; global_colors_info=&#8221;{}&#8221;]<\/p>\n<p style=\"text-align: center;\"><strong>LE GRAND CH\u00c2TAIGNER BRUL\u00c9<\/strong><br \/>216 x 50 cm, 2020<br \/>wood, glass, metal<\/p>\n<p>[\/et_pb_text][\/et_pb_column][\/et_pb_row][et_pb_row column_structure=&#8221;1_3,1_3,1_3&#8243; _builder_version=&#8221;4.27.4&#8243; _module_preset=&#8221;default&#8221; custom_margin=&#8221;||100px||false|false&#8221; global_colors_info=&#8221;{}&#8221;][et_pb_column type=&#8221;1_3&#8243; _builder_version=&#8221;4.27.4&#8243; _module_preset=&#8221;default&#8221; global_colors_info=&#8221;{}&#8221;][et_pb_image src=&#8221;https:\/\/bernardfroment.com\/wp-content\/uploads\/2025\/03\/PENSEE-ROUGE-120x38cm-bois-verre-m\uff35al-2021.jpg&#8221; title_text=&#8221;PENSEE ROUGE, 2021&#8243; show_in_lightbox=&#8221;on&#8221; _builder_version=&#8221;4.27.4&#8243; _module_preset=&#8221;default&#8221; global_colors_info=&#8221;{}&#8221;][\/et_pb_image][et_pb_text _builder_version=&#8221;4.27.4&#8243; _module_preset=&#8221;default&#8221; text_font=&#8221;||||||||&#8221; text_text_color=&#8221;#FFFFFF&#8221; text_font_size=&#8221;16px&#8221; hover_enabled=&#8221;0&#8243; global_colors_info=&#8221;{}&#8221; sticky_enabled=&#8221;0&#8243;]<\/p>\n<p style=\"text-align: center;\"><strong>PENSEE ROUGE<br \/><\/strong>120 x 38 cm, 2021 <br \/>wood glass metal<strong><br \/><\/strong><\/p>\n<p>[\/et_pb_text][\/et_pb_column][et_pb_column type=&#8221;1_3&#8243; _builder_version=&#8221;4.27.4&#8243; _module_preset=&#8221;default&#8221; global_colors_info=&#8221;{}&#8221;][et_pb_image src=&#8221;https:\/\/bernardfroment.com\/wp-content\/uploads\/2025\/03\/TOTEM-LE-ROI-TROU\u0090-221x45cm-Bois-verre-m\u0082tal-2012.jpg&#8221; title_text=&#8221;TOTEM LE ROI TROUE, 2012&#8243; show_in_lightbox=&#8221;on&#8221; _builder_version=&#8221;4.27.4&#8243; _module_preset=&#8221;default&#8221; global_colors_info=&#8221;{}&#8221;][\/et_pb_image][et_pb_text _builder_version=&#8221;4.27.4&#8243; _module_preset=&#8221;default&#8221; text_font=&#8221;||||||||&#8221; text_text_color=&#8221;#FFFFFF&#8221; text_font_size=&#8221;16px&#8221; global_colors_info=&#8221;{}&#8221;]<\/p>\n<p style=\"text-align: center;\"><strong>TOTEM LE ROI TROU\u00c9<\/strong><br \/>221 x 45 cm, 2012<br \/>wood, glass, metal<\/p>\n<p>[\/et_pb_text][\/et_pb_column][et_pb_column type=&#8221;1_3&#8243; _builder_version=&#8221;4.27.4&#8243; _module_preset=&#8221;default&#8221; global_colors_info=&#8221;{}&#8221;][et_pb_image src=&#8221;https:\/\/bernardfroment.com\/wp-content\/uploads\/2025\/03\/TOTEM-OUBLIE-208x48cm-Bois-verre-m\u201atal-2018-1.jpg&#8221; title_text=&#8221;TOTEM-OUBLIE-208x48cm-Bois-verre-m\u201atal-2018&#8243; show_in_lightbox=&#8221;on&#8221; _builder_version=&#8221;4.27.4&#8243; _module_preset=&#8221;default&#8221; global_colors_info=&#8221;{}&#8221;][\/et_pb_image][et_pb_text _builder_version=&#8221;4.27.4&#8243; _module_preset=&#8221;default&#8221; text_font=&#8221;||||||||&#8221; text_text_color=&#8221;#FFFFFF&#8221; text_font_size=&#8221;16px&#8221; global_colors_info=&#8221;{}&#8221;]<\/p>\n<p style=\"text-align: center;\"><strong>TOTEM <span>OUBLI\u00c9<\/span>,<\/strong> <br \/>208 x 48 cm, 2018 <br \/>wood, glass, metal<\/p>\n<p>[\/et_pb_text][\/et_pb_column][\/et_pb_row][et_pb_row column_structure=&#8221;1_3,1_3,1_3&#8243; _builder_version=&#8221;4.27.4&#8243; _module_preset=&#8221;default&#8221; global_colors_info=&#8221;{}&#8221;][et_pb_column type=&#8221;1_3&#8243; _builder_version=&#8221;4.27.4&#8243; _module_preset=&#8221;default&#8221; global_colors_info=&#8221;{}&#8221;][et_pb_image src=&#8221;https:\/\/bernardfroment.com\/wp-content\/uploads\/2025\/03\/LA-VIGNERONNE-190-x50x50cm-bois-verre-m\u201atal-2015-1.jpg&#8221; title_text=&#8221;LA-VIGNERONNE-190-x50x50cm-bois-verre-m\u201atal-2015&#8243; show_in_lightbox=&#8221;on&#8221; _builder_version=&#8221;4.27.4&#8243; _module_preset=&#8221;default&#8221; global_colors_info=&#8221;{}&#8221;][\/et_pb_image][et_pb_text _builder_version=&#8221;4.27.4&#8243; _module_preset=&#8221;default&#8221; text_font=&#8221;||||||||&#8221; text_text_color=&#8221;#FFFFFF&#8221; text_font_size=&#8221;16px&#8221; global_colors_info=&#8221;{}&#8221;]<\/p>\n<p style=\"text-align: center;\"><strong>LA VIGNERONNE<\/strong><br \/>190 x 50 x 50 cm, 2015<br \/>wood, glass, metal<\/p>\n<p>[\/et_pb_text][\/et_pb_column][et_pb_column type=&#8221;1_3&#8243; _builder_version=&#8221;4.27.4&#8243; _module_preset=&#8221;default&#8221; global_colors_info=&#8221;{}&#8221;][et_pb_image src=&#8221;https:\/\/bernardfroment.com\/wp-content\/uploads\/2025\/03\/TOTEM-COLIMAEON-224-x-55-cm-Bois-verre-m\u201atal-2015.jpg&#8221; title_text=&#8221;TOTEM COLIMA\u00c7ON, 2015&#8243; show_in_lightbox=&#8221;on&#8221; _builder_version=&#8221;4.27.4&#8243; _module_preset=&#8221;default&#8221; global_colors_info=&#8221;{}&#8221;][\/et_pb_image][et_pb_text _builder_version=&#8221;4.27.4&#8243; _module_preset=&#8221;default&#8221; text_font=&#8221;||||||||&#8221; text_text_color=&#8221;#FFFFFF&#8221; text_font_size=&#8221;16px&#8221; global_colors_info=&#8221;{}&#8221;]<\/p>\n<p style=\"text-align: center;\"><strong>TOTEM COLIMA\u00c7ON<\/strong><br \/>224 x 55 cm, 2015<br \/>wood glass, metal<\/p>\n<p>[\/et_pb_text][\/et_pb_column][et_pb_column type=&#8221;1_3&#8243; _builder_version=&#8221;4.27.4&#8243; _module_preset=&#8221;default&#8221; global_colors_info=&#8221;{}&#8221;][et_pb_image src=&#8221;https:\/\/bernardfroment.com\/wp-content\/uploads\/2025\/03\/TOTEM-DES-PONTS-195-x-50-cm-Bois-verre-m\u201atal-2015-1.jpg&#8221; title_text=&#8221;TOTEM DES PONTS, 2015&#8243; show_in_lightbox=&#8221;on&#8221; _builder_version=&#8221;4.27.4&#8243; _module_preset=&#8221;default&#8221; global_colors_info=&#8221;{}&#8221;][\/et_pb_image][et_pb_text _builder_version=&#8221;4.27.4&#8243; _module_preset=&#8221;default&#8221; text_font=&#8221;||||||||&#8221; text_text_color=&#8221;#FFFFFF&#8221; text_font_size=&#8221;16px&#8221; global_colors_info=&#8221;{}&#8221;]<\/p>\n<p style=\"text-align: center;\"><strong>TOTEM DES PONTS<\/strong><br \/>195 x 50 cm, 2015<br \/>wood glass, metal<\/p>\n<p>[\/et_pb_text][\/et_pb_column][\/et_pb_row][\/et_pb_section][et_pb_section fb_built=&#8221;1&#8243; _builder_version=&#8221;4.27.4&#8243; _module_preset=&#8221;default&#8221; background_color=&#8221;RGBA(255,255,255,0)&#8221; background_image=&#8221;https:\/\/bernardfroment.com\/wp-content\/uploads\/2025\/01\/15-1.jpg&#8221; height=&#8221;794px&#8221; bottom_divider_style=&#8221;wave2&#8243; bottom_divider_color=&#8221;#000000&#8243; global_colors_info=&#8221;{}&#8221; bottom_divider_height__hover_enabled=&#8221;on|hover&#8221; bottom_divider_height__hover=&#8221;32px&#8221;][\/et_pb_section]<\/p>\n","protected":false},"excerpt":{"rendered":"<p>TOTEMSSUN OF CHARM233 x 70 x 50 cm, 2021wood, glass, metalLIBERT\u00c9 DANSE185 x 132 x 50 cm, 2023wood, glass, metalLE GRAND CH\u00c2TAIGNER BRUL\u00c9216 x 50 cm, 2020wood, glass, metalPENSEE ROUGE120 x 38 cm, 2021 wood glass metalTOTEM LE ROI TROU\u00c9221 x 45 cm, 2012wood, glass, metalTOTEM OUBLI\u00c9, 208 x 48 cm, 2018 wood, glass, metalLA [&hellip;]<\/p>\n","protected":false},"author":2,"featured_media":0,"parent":25834837,"menu_order":0,"comment_status":"closed","ping_status":"closed","template":"","meta":{"_et_pb_use_builder":"on","_et_pb_old_content":"","_et_gb_content_width":"","footnotes":""},"dipi_cpt_category":[],"class_list":["post-25834862","page","type-page","status-publish","hentry"],"_links":{"self":[{"href":"https:\/\/bernardfroment.com\/en\/wp-json\/wp\/v2\/pages\/25834862","targetHints":{"allow":["GET"]}}],"collection":[{"href":"https:\/\/bernardfroment.com\/en\/wp-json\/wp\/v2\/pages"}],"about":[{"href":"https:\/\/bernardfroment.com\/en\/wp-json\/wp\/v2\/types\/page"}],"author":[{"embeddable":true,"href":"https:\/\/bernardfroment.com\/en\/wp-json\/wp\/v2\/users\/2"}],"replies":[{"embeddable":true,"href":"https:\/\/bernardfroment.com\/en\/wp-json\/wp\/v2\/comments?post=25834862"}],"version-history":[{"count":1,"href":"https:\/\/bernardfroment.com\/en\/wp-json\/wp\/v2\/pages\/25834862\/revisions"}],"predecessor-version":[{"id":25834866,"href":"https:\/\/bernardfroment.com\/en\/wp-json\/wp\/v2\/pages\/25834862\/revisions\/25834866"}],"up":[{"embeddable":true,"href":"https:\/\/bernardfroment.com\/en\/wp-json\/wp\/v2\/pages\/25834837"}],"wp:attachment":[{"href":"https:\/\/bernardfroment.com\/en\/wp-json\/wp\/v2\/media?parent=25834862"}],"wp:term":[{"taxonomy":"dipi_cpt_category","embeddable":true,"href":"https:\/\/bernardfroment.com\/en\/wp-json\/wp\/v2\/dipi_cpt_category?post=25834862"}],"curies":[{"name":"wp","href":"https:\/\/api.w.org\/{rel}","templated":true}]}}