{"id":25833813,"date":"2025-01-17T16:18:02","date_gmt":"2025-01-17T15:18:02","guid":{"rendered":"https:\/\/bernardfroment.christellemangel.com\/?page_id=25833813"},"modified":"2025-05-15T18:21:38","modified_gmt":"2025-05-15T16:21:38","slug":"poemes","status":"publish","type":"page","link":"https:\/\/bernardfroment.com\/fr\/poemes\/","title":{"rendered":"Po\u00e8mes"},"content":{"rendered":"<p>[et_pb_section fb_built=\u00a0\u00bb1&Prime; fullwidth=\u00a0\u00bbon\u00a0\u00bb _builder_version=\u00a0\u00bb4.27.4&Prime; _module_preset=\u00a0\u00bbdefault\u00a0\u00bb top_divider_style=\u00a0\u00bbwave\u00a0\u00bb top_divider_color=\u00a0\u00bb#FFFFFF\u00a0\u00bb top_divider_height=\u00a0\u00bb41px\u00a0\u00bb hover_enabled=\u00a0\u00bb0&Prime; global_colors_info=\u00a0\u00bb{}\u00a0\u00bb height_last_edited=\u00a0\u00bbon|tablet\u00a0\u00bb height_phone=\u00a0\u00bb500px\u00a0\u00bb sticky_enabled=\u00a0\u00bb0&Prime; height_tablet=\u00a0\u00bb533px\u00a0\u00bb][et_pb_fullwidth_image title_text=\u00a0\u00bb11&Prime; _builder_version=\u00a0\u00bb4.27.4&Prime; _module_preset=\u00a0\u00bbdefault\u00a0\u00bb background_image=\u00a0\u00bbhttps:\/\/bernardfroment.com\/wp-content\/uploads\/2025\/01\/11-1.jpg\u00a0\u00bb height=\u00a0\u00bb608px\u00a0\u00bb height_tablet=\u00a0\u00bb609px\u00a0\u00bb height_phone=\u00a0\u00bb549px\u00a0\u00bb height_last_edited=\u00a0\u00bbon|tablet\u00a0\u00bb custom_margin=\u00a0\u00bb||||false|false\u00a0\u00bb custom_padding=\u00a0\u00bb50px||50px||false|false\u00a0\u00bb hover_enabled=\u00a0\u00bb0&Prime; global_colors_info=\u00a0\u00bb{}\u00a0\u00bb sticky_enabled=\u00a0\u00bb0&Prime;][\/et_pb_fullwidth_image][\/et_pb_section][et_pb_section fb_built=\u00a0\u00bb1&Prime; admin_label=\u00a0\u00bbHeader &#038; Blog\u00a0\u00bb _builder_version=\u00a0\u00bb4.27.4&Prime; _module_preset=\u00a0\u00bbdefault\u00a0\u00bb background_color=\u00a0\u00bbRGBA(255,255,255,0)\u00a0\u00bb background_image=\u00a0\u00bbhttps:\/\/bernardfroment.com\/wp-content\/uploads\/2025\/03\/FD05E-1.jpg\u00a0\u00bb background_size=\u00a0\u00bbinitial\u00a0\u00bb background_position=\u00a0\u00bbtop_right\u00a0\u00bb custom_padding=\u00a0\u00bb66px|||||\u00a0\u00bb top_divider_color=\u00a0\u00bb#E09900&Prime; bottom_divider_height=\u00a0\u00bb69px\u00a0\u00bb hover_enabled=\u00a0\u00bb0&Prime; collapsed=\u00a0\u00bbon\u00a0\u00bb global_colors_info=\u00a0\u00bb{}\u00a0\u00bb background__hover_enabled=\u00a0\u00bboff|desktop\u00a0\u00bb background_last_edited=\u00a0\u00bbon|phone\u00a0\u00bb parallax_phone=\u00a0\u00bbon\u00a0\u00bb sticky_enabled=\u00a0\u00bb0&Prime; parallax_tablet=\u00a0\u00bbon\u00a0\u00bb][et_pb_row use_custom_gutter=\u00a0\u00bbon\u00a0\u00bb gutter_width=\u00a0\u00bb2&Prime; _builder_version=\u00a0\u00bb4.27.4&Prime; _module_preset=\u00a0\u00bbdefault\u00a0\u00bb width=\u00a0\u00bb90%\u00a0\u00bb max_width=\u00a0\u00bb2000px\u00a0\u00bb hover_enabled=\u00a0\u00bb0&Prime; locked=\u00a0\u00bboff\u00a0\u00bb global_colors_info=\u00a0\u00bb{}\u00a0\u00bb sticky_enabled=\u00a0\u00bb0&Prime;][et_pb_column type=\u00a0\u00bb4_4&Prime; _builder_version=\u00a0\u00bb4.24.2&Prime; _module_preset=\u00a0\u00bbdefault\u00a0\u00bb global_colors_info=\u00a0\u00bb{}\u00a0\u00bb][et_pb_text _builder_version=\u00a0\u00bb4.27.4&Prime; _module_preset=\u00a0\u00bb_initial\u00a0\u00bb header_font=\u00a0\u00bbComfortaa|500||on|||||\u00a0\u00bb header_text_align=\u00a0\u00bbcenter\u00a0\u00bb header_text_color=\u00a0\u00bb#000000&Prime; header_font_size=\u00a0\u00bb39px\u00a0\u00bb header_letter_spacing=\u00a0\u00bb-0.06em\u00a0\u00bb min_height=\u00a0\u00bb50px\u00a0\u00bb custom_margin=\u00a0\u00bb||||false|false\u00a0\u00bb custom_padding=\u00a0\u00bb50px||50px||false|false\u00a0\u00bb header_font_size_tablet=\u00a0\u00bb40px\u00a0\u00bb header_font_size_phone=\u00a0\u00bb24px\u00a0\u00bb header_font_size_last_edited=\u00a0\u00bbon|desktop\u00a0\u00bb global_colors_info=\u00a0\u00bb{}\u00a0\u00bb]<\/p>\n<h1 style=\"text-align: left;\">Po\u00e8mes<\/h1>\n<p>[\/et_pb_text][et_pb_accordion toggle_icon=\u00a0\u00bb&#xf06c;||fa||900&Prime; icon_color=\u00a0\u00bb#E09900&Prime; _builder_version=\u00a0\u00bb4.27.4&Prime; _module_preset=\u00a0\u00bbdefault\u00a0\u00bb custom_margin=\u00a0\u00bb||140px|||\u00a0\u00bb border_radii=\u00a0\u00bbon|10px|10px|10px|10px\u00a0\u00bb global_colors_info=\u00a0\u00bb{}\u00a0\u00bb][et_pb_accordion_item open=\u00a0\u00bbon\u00a0\u00bb open_toggle_text_color=\u00a0\u00bb#E09900&Prime; _builder_version=\u00a0\u00bb4.27.4&Prime; _module_preset=\u00a0\u00bbdefault\u00a0\u00bb body_text_color=\u00a0\u00bb#000000&Prime; body_font_size=\u00a0\u00bb16px\u00a0\u00bb background_color=\u00a0\u00bb#fff5dd\u00a0\u00bb background_enable_color=\u00a0\u00bbon\u00a0\u00bb custom_margin=\u00a0\u00bb||||false|false\u00a0\u00bb custom_padding=\u00a0\u00bb50px||50px||false|false\u00a0\u00bb global_colors_info=\u00a0\u00bb{}\u00a0\u00bb toggle_text_color=\u00a0\u00bb#E09900&Prime; toggle_font=\u00a0\u00bbComfortaa|600|||||||\u00a0\u00bb]<\/p>\n<p style=\"text-align: center;\">Depuis,<\/p>\n<p style=\"text-align: center;\">Comme une trace de vie,<\/p>\n<p style=\"text-align: center;\">A la rencontre de la moindre des choses,<\/p>\n<p style=\"text-align: center;\">J\u2019avance dans la conscience de la force et la fragilit\u00e9<br \/>de la germination.<\/p>\n<p style=\"text-align: center;\">Avec le bois, le fer, toujours le verre.<\/p>\n<p style=\"text-align: center;\">Assembler des rencontres,<\/p>\n<p style=\"text-align: center;\">semer \u00e0 la vol\u00e9e le temps qu\u2019il fait, le temps d\u2019avant,<br \/>de maintenant et lentement, exister.<\/p>\n<p style=\"text-align: center;\">Telle une greffe,<\/p>\n<p style=\"text-align: center;\">j\u2019apporte \u00e0 ces espaces sacr\u00e9s la lumi\u00e8re par la cassure.<\/p>\n<p style=\"text-align: center;\">J\u2019assure la trouvaille d\u2019un brin de paix et pourquoi pas de joie avec cette mati\u00e8re souvent us\u00e9e, abandonn\u00e9e.<\/p>\n<p style=\"text-align: center;\">Toucher le plus simplement possible notre intime,<br \/>nos histoires de vie d\u2019Homme debout et d\u2019argile.<\/p>\n<p style=\"text-align: center;\">Traverser pour sans fin trouver la Beaut\u00e9.<\/p>\n<p style=\"text-align: center;\"><strong>Bernard Froment<\/strong><\/p>\n<p>[\/et_pb_accordion_item][et_pb_accordion_item title=\u00a0\u00bbLe Bestiaire\u00a0\u00bb open_toggle_text_color=\u00a0\u00bb#E09900&Prime; _builder_version=\u00a0\u00bb4.27.4&Prime; _module_preset=\u00a0\u00bbdefault\u00a0\u00bb body_text_color=\u00a0\u00bb#000000&Prime; body_font_size=\u00a0\u00bb16px\u00a0\u00bb background_color=\u00a0\u00bb#fff5dd\u00a0\u00bb background_enable_color=\u00a0\u00bbon\u00a0\u00bb custom_margin=\u00a0\u00bb||||false|false\u00a0\u00bb custom_padding=\u00a0\u00bb50px||50px||false|false\u00a0\u00bb global_colors_info=\u00a0\u00bb{}\u00a0\u00bb toggle_text_color=\u00a0\u00bb#E09900&Prime; toggle_font=\u00a0\u00bbComfortaa|700|||||||\u00a0\u00bb toggle_text_align=\u00a0\u00bbcenter\u00a0\u00bb toggle_font_size=\u00a0\u00bb18px\u00a0\u00bb open=\u00a0\u00bboff\u00a0\u00bb]<\/p>\n<p style=\"text-align: center;\">Depuis l\u2019arbre, toujours l\u2019arbre.<\/p>\n<p style=\"text-align: center;\">Dans sa s\u00e8ve coule nos veines.<\/p>\n<p style=\"text-align: center;\">Tous ces moindres bouts de bois,<\/p>\n<p style=\"text-align: center;\">Ces bouts de lui-m\u00eame, ces bouts de soi m\u00eame,<\/p>\n<p style=\"text-align: center;\">J\u2019aime.<\/p>\n<p style=\"text-align: center;\">Et puis un jour, un clin d\u2019\u0153il, de lui \u00e0 moi, de nous \u00e0 lui, presque \u00e0 la fin de sa vie, l\u00e0 devant, juste devant,<\/p>\n<p style=\"text-align: center;\">L\u2019animal.<\/p>\n<p style=\"text-align: center;\">Il est l\u00e0.<\/p>\n<p style=\"text-align: center;\">Il attend que je lui redonne vie.<\/p>\n<p style=\"text-align: center;\">Comme un chirurgien du verbe Aimer, lui remettre ce qu\u2019il a perdu.<\/p>\n<p style=\"text-align: center;\">Une aile, une griffe, une corne, un \u0153il, toujours de verre.<\/p>\n<p style=\"text-align: center;\">Capturer la lumi\u00e8re dans le moindre \u00e9clat.<\/p>\n<p style=\"text-align: center;\">Son regard reste jeune.<\/p>\n<p style=\"text-align: center;\">Il est l\u00e0 devant nous et sait exactement d\u2019o\u00f9 il vient, ce qu\u2019il veut, avec le peu et le presque rien, il est heureux.<\/p>\n<p style=\"text-align: center;\">Plus de peur, pas d\u2019heure ni d\u2019\u00e2ge, il est juste dans la pr\u00e9sence du partage.<\/p>\n<p style=\"text-align: center;\">Tant pis, tant mieux. Il est doucement joyeux.<\/p>\n<p style=\"text-align: center;\">Ici j\u2019\u00e9cris sur lui\u00a0: \u00ab\u00a0 Aux arbres, et c\u00e6tera\u2026\u00a0\u00bb<\/p>\n<p>[\/et_pb_accordion_item][et_pb_accordion_item title=\u00a0\u00bbMat\u00e9rialisation des sentiments\u00a0\u00bb open_toggle_text_color=\u00a0\u00bb#E09900&Prime; _builder_version=\u00a0\u00bb4.27.4&Prime; _module_preset=\u00a0\u00bbdefault\u00a0\u00bb body_text_color=\u00a0\u00bb#000000&Prime; body_font_size=\u00a0\u00bb16px\u00a0\u00bb background_color=\u00a0\u00bb#fff5dd\u00a0\u00bb background_enable_color=\u00a0\u00bbon\u00a0\u00bb custom_margin=\u00a0\u00bb||||false|false\u00a0\u00bb custom_padding=\u00a0\u00bb50px||50px||false|false\u00a0\u00bb global_colors_info=\u00a0\u00bb{}\u00a0\u00bb toggle_text_color=\u00a0\u00bb#E09900&Prime; toggle_font=\u00a0\u00bbComfortaa|700|||||||\u00a0\u00bb toggle_text_align=\u00a0\u00bbcenter\u00a0\u00bb toggle_font_size=\u00a0\u00bb18px\u00a0\u00bb open=\u00a0\u00bboff\u00a0\u00bb]<\/p>\n<p style=\"text-align: center;\">La sculpture est, pour moi, la mat\u00e9rialisation des sentiments.<\/p>\n<p style=\"text-align: center;\">Elle est et va \u00e0 l\u2019essentiel.<\/p>\n<p style=\"text-align: center;\">Elle ne joue pas, elle ne triche pas,<\/p>\n<p style=\"text-align: center;\">elle est la conscience m\u00eame de la beaut\u00e9.<\/p>\n<p style=\"text-align: center;\">Pour et avec mon m\u00e9tier d\u2019agrisculpteur,<\/p>\n<p style=\"text-align: center;\">elle est selon moi le meilleur moyen d\u2019exprimer<\/p>\n<p style=\"text-align: center;\">la douloureuse reconnaissance du monde paysan.<\/p>\n<p style=\"text-align: center;\">L\u2019humanit\u00e9 n\u2019est rien si elle ne reconna\u00eet pas sa m\u00e8re.<\/p>\n<p style=\"text-align: center;\">Celle qui la fait na\u00eetre et qui la nourrit\u00a0: la Terre.<\/p>\n<p style=\"text-align: center;\">L\u2019homme,<\/p>\n<p style=\"text-align: center;\">cette fragile et l\u00e9g\u00e8re graine n\u2019est rien<\/p>\n<p style=\"text-align: center;\">sans la nourriture qui le maintient en vie.<\/p>\n<p style=\"text-align: center;\">Respect, reconnaissance et transmission.<\/p>\n<p style=\"text-align: center;\">Sillon apr\u00e8s sillon,<\/p>\n<p style=\"text-align: center;\">unissons-nous pour \u00e9couter la chanson de la troisi\u00e8me dimension.<\/p>\n<p style=\"text-align: center;\">Au-del\u00e0 de la sculpture, c\u2019est de l\u2019art dont j\u2019ai envie de parler,<\/p>\n<p style=\"text-align: center;\">celui qui \u00e9l\u00e8ve, celui qui apporte, celui qui germe.<\/p>\n<p style=\"text-align: center;\">Dans le silence,<\/p>\n<p style=\"text-align: center;\">dans la transparence du temps qui fait, du temps qui est,<\/p>\n<p style=\"text-align: center;\">Etre toujours pr\u00eat \u00e0 l\u2019\u00e9ternel instant de paix<\/p>\n<p style=\"text-align: center;\">et semer en pleine libert\u00e9 pour r\u00e9colter la larme fraternit\u00e9.<\/p>\n<p>[\/et_pb_accordion_item][et_pb_accordion_item title=\u00a0\u00bbJuste et simplement\u00a0\u00bb open_toggle_text_color=\u00a0\u00bb#E09900&Prime; _builder_version=\u00a0\u00bb4.27.4&Prime; _module_preset=\u00a0\u00bbdefault\u00a0\u00bb body_text_color=\u00a0\u00bb#000000&Prime; body_font_size=\u00a0\u00bb16px\u00a0\u00bb background_color=\u00a0\u00bb#fff5dd\u00a0\u00bb background_enable_color=\u00a0\u00bbon\u00a0\u00bb custom_margin=\u00a0\u00bb||||false|false\u00a0\u00bb custom_padding=\u00a0\u00bb50px||50px||false|false\u00a0\u00bb global_colors_info=\u00a0\u00bb{}\u00a0\u00bb toggle_text_color=\u00a0\u00bb#E09900&Prime; toggle_font=\u00a0\u00bbComfortaa|600|||||||\u00a0\u00bb toggle_text_align=\u00a0\u00bbcenter\u00a0\u00bb toggle_font_size=\u00a0\u00bb18px\u00a0\u00bb open=\u00a0\u00bboff\u00a0\u00bb]<\/p>\n<p style=\"text-align: center;\">Juste et simplement<\/p>\n<p style=\"text-align: center;\">Au d\u00e9part, l\u2019ARBRE.<\/p>\n<p style=\"text-align: center;\">Se souvenir de la chlorophylle,<\/p>\n<p style=\"text-align: center;\">D\u2019un clin d\u2019\u0153il,<\/p>\n<p style=\"text-align: center;\">Une \u00e9vidence,<\/p>\n<p style=\"text-align: center;\">Du bois \u00e0 l\u2019homme, vivre,<\/p>\n<p style=\"text-align: center;\">Trace intime de notre existence.<\/p>\n<p style=\"text-align: center;\">Nous sommes li\u00e9s, reli\u00e9s par la r\u00e9alit\u00e9 profonde du vivant,<\/p>\n<p style=\"text-align: center;\">Du vivre essentiellement ensemble.<\/p>\n<p style=\"text-align: center;\">Tous ces bouts de bois,<\/p>\n<p style=\"text-align: center;\">Souvent abandonn\u00e9s,<\/p>\n<p style=\"text-align: center;\">ont servi et ont \u00e9t\u00e9 touch\u00e9s par la main de l\u2019homme.<\/p>\n<p style=\"text-align: center;\">Leur m\u00e9moire est intacte.<\/p>\n<p style=\"text-align: center;\">Je les appr\u00eate comme un jour de f\u00eate,<\/p>\n<p style=\"text-align: center;\">je les redresse, leur offre un socle et dans un \u00e9lan paysan<\/p>\n<p style=\"text-align: center;\">je leur apporte une nouvelle germination,<\/p>\n<p style=\"text-align: center;\">une \u00e9tincelle de lumi\u00e8re,<\/p>\n<p style=\"text-align: center;\">une nouvelle chance.<\/p>\n<p style=\"text-align: center;\">Le verre pour exprimer la vie et la survie,<\/p>\n<p style=\"text-align: center;\">pour et avec la joie de na\u00eetre, de rena\u00eetre sans peut \u00eatre.<\/p>\n<p style=\"text-align: center;\">Sans doute reprendre le chemin du petit matin,<\/p>\n<p style=\"text-align: center;\">ils reviennent de loin et maintenant ils vont encore plus loin<\/p>\n<p style=\"text-align: center;\">pour montrer leur force et leur fragilit\u00e9,<\/p>\n<p style=\"text-align: center;\">leur g\u00e9n\u00e9rosit\u00e9 d\u2019aimer encore et encore.<\/p>\n<p style=\"text-align: center;\">M\u00eame parfois sans \u00e9corce,<\/p>\n<p style=\"text-align: center;\">Au-del\u00e0 d\u2019un corps vieilli, ils redonnent l\u2019an Vie,<\/p>\n<p style=\"text-align: center;\">Au-del\u00e0 du presque rien,<\/p>\n<p style=\"text-align: center;\">Dans l\u2019assemblage secret d\u2019un soin apport\u00e9, ils sont l\u00e0<\/p>\n<p style=\"text-align: center;\">Avec nous et pour nous.<\/p>\n<p style=\"text-align: center;\">Toujours et encore comme une nouvelle semence,<\/p>\n<p style=\"text-align: center;\">Dans un habit intime et ultime d\u2019humilit\u00e9 et d\u2019int\u00e9riorit\u00e9,<\/p>\n<p style=\"text-align: center;\">de joie et de ros\u00e9e,<\/p>\n<p style=\"text-align: center;\">Heureux d\u2019exister<\/p>\n<p style=\"text-align: center;\">et dans une envol\u00e9e de libert\u00e9<\/p>\n<p style=\"text-align: center;\">ils essaient d\u2019atteindre le c\u0153ur de l\u2019homme debout et d\u2019argile,<\/p>\n<p style=\"text-align: center;\">sur un fil, avancer et Raimer, pour atteindre le silence de la Paix.<\/p>\n<p style=\"text-align: center;\">Quoi faire de plus que d\u2019amener la Vie \u00e0 la Beaut\u00e9.<\/p>\n<p>[\/et_pb_accordion_item][et_pb_accordion_item title=\u00a0\u00bbLes Dioms\u00a0\u00bb open_toggle_text_color=\u00a0\u00bb#E09900&Prime; _builder_version=\u00a0\u00bb4.27.4&Prime; _module_preset=\u00a0\u00bbdefault\u00a0\u00bb body_text_color=\u00a0\u00bb#000000&Prime; body_font_size=\u00a0\u00bb16px\u00a0\u00bb background_color=\u00a0\u00bb#fff5dd\u00a0\u00bb background_enable_color=\u00a0\u00bbon\u00a0\u00bb custom_margin=\u00a0\u00bb||||false|false\u00a0\u00bb custom_padding=\u00a0\u00bb50px||50px||false|false\u00a0\u00bb global_colors_info=\u00a0\u00bb{}\u00a0\u00bb toggle_text_color=\u00a0\u00bb#E09900&Prime; toggle_font=\u00a0\u00bbComfortaa|600|||||||\u00a0\u00bb toggle_text_align=\u00a0\u00bbcenter\u00a0\u00bb toggle_font_size=\u00a0\u00bb19px\u00a0\u00bb open=\u00a0\u00bboff\u00a0\u00bb]<\/p>\n<p style=\"text-align: center;\">Nous voil\u00e0\u00a0 ici,\u00a0 d\u00e9j\u00e0,\u00a0 maintenant, \u00a0 \u00e0 cet instant,\u00a0 dans cet \u00e9tat de fait,<\/p>\n<p style=\"text-align: center;\">dans un \u00e9tat d\u2019\u00e9vidence qui fait que nous sommes encore debout et en marche.<\/p>\n<p style=\"text-align: center;\">Ces \u00eatres sont les derniers n\u00e9s d\u2019un espace lib\u00e9r\u00e9.<\/p>\n<p style=\"text-align: center;\">De ces t\u00eates \u00e9chapp\u00e9es du feu, le meilleur de l\u2019arbre reste une pens\u00e9e.<\/p>\n<p style=\"text-align: center;\">De ce cou de verre, encore une fragilit\u00e9 et une colonne entre pens\u00e9e et mat\u00e9rialit\u00e9.<\/p>\n<p style=\"text-align: center;\">Ces \u00eatres sont habill\u00e9s de sacs de bl\u00e9, de ma\u00efs, de sacs de vie au service de nos vies.<\/p>\n<p style=\"text-align: center;\">Comme pour nos vies, remplir, vider, user, et avec joie ils sont renvers\u00e9s et \u00e9clair\u00e9s par la lumi\u00e8re.<\/p>\n<p style=\"text-align: center;\">Cette lumi\u00e8re int\u00e9rieure qui est donn\u00e9e \u00e0 tout \u00eatre vivant. Ces sacs ouverts, d\u00e9chir\u00e9s entre c\u0153ur et bas du ventre, juste \u00e0 l\u2019endroit pr\u00e9cis d\u2019o\u00f9 jaillit la force.<\/p>\n<p style=\"text-align: center;\">Elle est prot\u00e9g\u00e9e, filtr\u00e9e par une assiette de verre, un ustensile qui leur sert \u00e0 manger.<\/p>\n<p style=\"text-align: center;\">Prendre et \u00eatre dans la conscience de notre Nourriture, essentielle \u00e0 notre Vie. Nous ressemblons \u00e0 ce que nous mangeons.<\/p>\n<p style=\"text-align: center;\">Pour finir ces \u00eatres sont sur un socle qui les relie \u00e0 la terre et au travail des hommes\u00a0: un disque, un outil agricole comme racine.<\/p>\n<p style=\"text-align: center;\">Leur habit a aussi quelques taches de miroir\u00a0; sans \u00eatre narcissique il est le lien, la correspondance comme un phare au bout de la jet\u00e9e.<\/p>\n<p style=\"text-align: center;\">Ces \u00eatres, mes \u00eatres ont tout re\u00e7u, tout v\u00e9cu\u00a0; ils avancent seulement dans la conscience de l\u2019essentiel, dans une s\u00e9r\u00e9nit\u00e9, une aust\u00e9rit\u00e9 et une profonde relation avec cette lumi\u00e8re int\u00e9rieure qui est leur seule notion de gu\u00e9rison. Ils sont sortis de cette pauvre dualit\u00e9\u00a0: plus d\u2019influence, au-del\u00e0 de la peur, au-del\u00e0 de la cassure. Juste une intense int\u00e9riorit\u00e9, personnalit\u00e9 qui les pousse \u00e0 \u00eatre reli\u00e9s surement aux autres et \u00e0 autre chose.<\/p>\n<p style=\"text-align: center;\">Ce sont des Dioms, mi Dieu, mi Homme. Simplement des \u00eatres d\u2019exception et de grande sagesse.<\/p>\n<p style=\"text-align: center;\">Ils sont dans la connaissance. Tout est en eux et c\u2019est parce qu\u2019ils sont Eux qu\u2019ils peuvent \u00eatre avec les autres. Ils sont dans la Transmission.<\/p>\n<p style=\"text-align: center;\">La pauvret\u00e9 est le refuge en l\u2019Autre ou l\u2019accusation de l\u2019Autre.<\/p>\n<p style=\"text-align: center;\">Eux sont Lumineusement Heureux.<\/p>\n<p style=\"text-align: center;\">Ensemble dans le champ, dans le vent sonore,<\/p>\n<p style=\"text-align: center;\">Tout pr\u00e8s de l\u2019Arbre aux oiseaux dor\u00e9s,<\/p>\n<p style=\"text-align: center;\">Ils sont en Paix.<\/p>\n<p>[\/et_pb_accordion_item][\/et_pb_accordion][\/et_pb_column][\/et_pb_row][\/et_pb_section][et_pb_section fb_built=\u00a0\u00bb1&Prime; _builder_version=\u00a0\u00bb4.27.4&Prime; _module_preset=\u00a0\u00bbdefault\u00a0\u00bb background_enable_color=\u00a0\u00bboff\u00a0\u00bb height=\u00a0\u00bb100px\u00a0\u00bb bottom_divider_style=\u00a0\u00bbwave2&Prime; bottom_divider_color=\u00a0\u00bb#e07511&Prime; hover_enabled=\u00a0\u00bb0&Prime; locked=\u00a0\u00bboff\u00a0\u00bb global_colors_info=\u00a0\u00bb{}\u00a0\u00bb bottom_divider_height_last_edited=\u00a0\u00bbon|tablet\u00a0\u00bb sticky_enabled=\u00a0\u00bb0&Prime; bottom_divider_height_phone=\u00a0\u00bb61px\u00a0\u00bb bottom_divider_height_tablet=\u00a0\u00bb76px\u00a0\u00bb][\/et_pb_section]<\/p>\n","protected":false},"excerpt":{"rendered":"<p>Po\u00e8mesDepuis, Comme une trace de vie, A la rencontre de la moindre des choses, J\u2019avance dans la conscience de la force et la fragilit\u00e9de la germination. Avec le bois, le fer, toujours le verre. Assembler des rencontres, semer \u00e0 la vol\u00e9e le temps qu\u2019il fait, le temps d\u2019avant,de maintenant et lentement, exister. Telle une greffe, [&hellip;]<\/p>\n","protected":false},"author":2,"featured_media":0,"parent":0,"menu_order":0,"comment_status":"closed","ping_status":"closed","template":"","meta":{"_et_pb_use_builder":"on","_et_pb_old_content":"","_et_gb_content_width":"","footnotes":""},"dipi_cpt_category":[],"class_list":["post-25833813","page","type-page","status-publish","hentry"],"_links":{"self":[{"href":"https:\/\/bernardfroment.com\/fr\/wp-json\/wp\/v2\/pages\/25833813","targetHints":{"allow":["GET"]}}],"collection":[{"href":"https:\/\/bernardfroment.com\/fr\/wp-json\/wp\/v2\/pages"}],"about":[{"href":"https:\/\/bernardfroment.com\/fr\/wp-json\/wp\/v2\/types\/page"}],"author":[{"embeddable":true,"href":"https:\/\/bernardfroment.com\/fr\/wp-json\/wp\/v2\/users\/2"}],"replies":[{"embeddable":true,"href":"https:\/\/bernardfroment.com\/fr\/wp-json\/wp\/v2\/comments?post=25833813"}],"version-history":[{"count":25,"href":"https:\/\/bernardfroment.com\/fr\/wp-json\/wp\/v2\/pages\/25833813\/revisions"}],"predecessor-version":[{"id":25834652,"href":"https:\/\/bernardfroment.com\/fr\/wp-json\/wp\/v2\/pages\/25833813\/revisions\/25834652"}],"wp:attachment":[{"href":"https:\/\/bernardfroment.com\/fr\/wp-json\/wp\/v2\/media?parent=25833813"}],"wp:term":[{"taxonomy":"dipi_cpt_category","embeddable":true,"href":"https:\/\/bernardfroment.com\/fr\/wp-json\/wp\/v2\/dipi_cpt_category?post=25833813"}],"curies":[{"name":"wp","href":"https:\/\/api.w.org\/{rel}","templated":true}]}}