{"id":25835006,"date":"2025-07-31T10:26:42","date_gmt":"2025-07-31T08:26:42","guid":{"rendered":"https:\/\/bernardfroment.com\/?page_id=25835006"},"modified":"2025-08-21T17:47:22","modified_gmt":"2025-08-21T15:47:22","slug":"vitraux","status":"publish","type":"page","link":"https:\/\/bernardfroment.com\/fr\/sculptures\/vitraux\/","title":{"rendered":"Vitraux"},"content":{"rendered":"<p>[et_pb_section fb_built=\u00a0\u00bb1&Prime; custom_padding_last_edited=\u00a0\u00bbon|tablet\u00a0\u00bb admin_label=\u00a0\u00bbHeader\u00a0\u00bb _builder_version=\u00a0\u00bb4.27.4&Prime; _module_preset=\u00a0\u00bbdefault\u00a0\u00bb use_background_color_gradient=\u00a0\u00bbon\u00a0\u00bb background_color_gradient_stops=\u00a0\u00bbrgba(0,0,0,0) 0%|#000000 86%\u00a0\u00bb background_color_gradient_overlays_image=\u00a0\u00bbon\u00a0\u00bb background_image=\u00a0\u00bbhttps:\/\/bernardfroment.com\/wp-content\/uploads\/2025\/07\/IMG_8168.1.jpg\u00a0\u00bb height=\u00a0\u00bb435px\u00a0\u00bb height_tablet=\u00a0\u00bb470px\u00a0\u00bb height_phone=\u00a0\u00bb468px\u00a0\u00bb height_last_edited=\u00a0\u00bbon|phone\u00a0\u00bb custom_padding=\u00a0\u00bb7.6%||0px||false|false\u00a0\u00bb custom_padding_tablet=\u00a0\u00bb60px||||false|false\u00a0\u00bb custom_padding_phone=\u00a0\u00bb60px||||false|false\u00a0\u00bb top_divider_style=\u00a0\u00bbwave\u00a0\u00bb top_divider_color=\u00a0\u00bb#FFFFFF\u00a0\u00bb top_divider_height=\u00a0\u00bb41px\u00a0\u00bb locked=\u00a0\u00bboff\u00a0\u00bb collapsed=\u00a0\u00bbon\u00a0\u00bb global_colors_info=\u00a0\u00bb{}\u00a0\u00bb][\/et_pb_section][et_pb_section fb_built=\u00a0\u00bb1&Prime; admin_label=\u00a0\u00bbServices\u00a0\u00bb _builder_version=\u00a0\u00bb4.27.4&Prime; _module_preset=\u00a0\u00bbdefault\u00a0\u00bb background_color=\u00a0\u00bb#000000&Prime; custom_padding=\u00a0\u00bb18px||207px|||\u00a0\u00bb bottom_divider_color=\u00a0\u00bb#e07511&Prime; bottom_divider_height=\u00a0\u00bb65px\u00a0\u00bb locked=\u00a0\u00bboff\u00a0\u00bb collapsed=\u00a0\u00bbon\u00a0\u00bb global_colors_info=\u00a0\u00bb{%22gcid-2cf18f4b-ad1d-4daf-a40a-75be4919065f%22:%91%22background_color%22%93}\u00a0\u00bb][et_pb_row make_equal=\u00a0\u00bbon\u00a0\u00bb _builder_version=\u00a0\u00bb4.27.4&Prime; _module_preset=\u00a0\u00bbdefault\u00a0\u00bb global_colors_info=\u00a0\u00bb{}\u00a0\u00bb][et_pb_column type=\u00a0\u00bb4_4&Prime; _builder_version=\u00a0\u00bb4.18.0&Prime; _module_preset=\u00a0\u00bbdefault\u00a0\u00bb background_color=\u00a0\u00bbgcid-55e89f59-bdfa-4c7c-a24f-b278f03ffe74&Prime; custom_padding=\u00a0\u00bb60px|60px|60px|60px|true|true\u00a0\u00bb custom_padding_tablet=\u00a0\u00bb30px|30px|30px|30px|true|true\u00a0\u00bb custom_padding_phone=\u00a0\u00bb20px|20px|20px|20px|true|true\u00a0\u00bb custom_padding_last_edited=\u00a0\u00bbon|desktop\u00a0\u00bb global_colors_info=\u00a0\u00bb{%22gcid-55e89f59-bdfa-4c7c-a24f-b278f03ffe74%22:%91%22background_color%22%93}\u00a0\u00bb][et_pb_text _builder_version=\u00a0\u00bb4.27.4&Prime; _module_preset=\u00a0\u00bbb327cbe4-b1d5-4b66-ad37-40c8f2f061ba\u00a0\u00bb header_text_color=\u00a0\u00bb#FFFFFF\u00a0\u00bb header_2_font=\u00a0\u00bbRoboto|300||on|||||\u00a0\u00bb header_2_text_color=\u00a0\u00bb#FFFFFF\u00a0\u00bb header_2_font_size=\u00a0\u00bb48px\u00a0\u00bb header_2_line_height=\u00a0\u00bb1.2em\u00a0\u00bb text_orientation=\u00a0\u00bbright\u00a0\u00bb custom_margin=\u00a0\u00bb-71px|||||\u00a0\u00bb header_2_font_size_tablet=\u00a0\u00bb32px\u00a0\u00bb header_2_font_size_phone=\u00a0\u00bb20px\u00a0\u00bb header_2_font_size_last_edited=\u00a0\u00bbon|desktop\u00a0\u00bb global_colors_info=\u00a0\u00bb{%22gcid-1adb0c48-e943-4be8-b747-83127bdbd76c%22:%91%22header_2_text_color%22%93}\u00a0\u00bb]<\/p>\n<h2 style=\"text-align: center;\">Vitraux<\/h2>\n<p>[\/et_pb_text][et_pb_divider color=\u00a0\u00bb#e07511&Prime; divider_weight=\u00a0\u00bb4px\u00a0\u00bb _builder_version=\u00a0\u00bb4.27.4&Prime; _module_preset=\u00a0\u00bbdefault\u00a0\u00bb max_width=\u00a0\u00bb450px\u00a0\u00bb module_alignment=\u00a0\u00bbcenter\u00a0\u00bb custom_margin=\u00a0\u00bb||||false|false\u00a0\u00bb locked=\u00a0\u00bboff\u00a0\u00bb global_colors_info=\u00a0\u00bb{%22gcid-f1414204-51c0-48ff-bc68-c545a86d03e7%22:%91%22color%22%93}\u00a0\u00bb][\/et_pb_divider][\/et_pb_column][\/et_pb_row][et_pb_row column_structure=\u00a0\u00bb1_3,1_3,1_3&Prime; _builder_version=\u00a0\u00bb4.27.4&Prime; _module_preset=\u00a0\u00bbdefault\u00a0\u00bb custom_margin=\u00a0\u00bb||100px||false|false\u00a0\u00bb global_colors_info=\u00a0\u00bb{}\u00a0\u00bb][et_pb_column type=\u00a0\u00bb1_3&Prime; _builder_version=\u00a0\u00bb4.27.4&Prime; _module_preset=\u00a0\u00bbdefault\u00a0\u00bb global_colors_info=\u00a0\u00bb{}\u00a0\u00bb][et_pb_image src=\u00a0\u00bbhttps:\/\/bernardfroment.com\/wp-content\/uploads\/2025\/07\/Facade-nord-eglise-Ancone-modifie.jpg\u00a0\u00bb title_text=\u00a0\u00bbFa\u00e7ade nord \u00e9glise Anc\u00f4ne\u00a0\u00bb show_in_lightbox=\u00a0\u00bbon\u00a0\u00bb _builder_version=\u00a0\u00bb4.27.4&Prime; _module_preset=\u00a0\u00bbdefault\u00a0\u00bb global_colors_info=\u00a0\u00bb{}\u00a0\u00bb][\/et_pb_image][et_pb_text _builder_version=\u00a0\u00bb4.27.4&Prime; _module_preset=\u00a0\u00bbdefault\u00a0\u00bb text_font=\u00a0\u00bb||||||||\u00a0\u00bb text_text_color=\u00a0\u00bb#FFFFFF\u00a0\u00bb text_font_size=\u00a0\u00bb16px\u00a0\u00bb global_colors_info=\u00a0\u00bb{}\u00a0\u00bb]<\/p>\n<p style=\"text-align: center;\"><strong>Vitrail nord<\/strong><br \/>Eglise d&rsquo;Anc\u00f4ne<\/p>\n<p>[\/et_pb_text][\/et_pb_column][et_pb_column type=\u00a0\u00bb1_3&Prime; _builder_version=\u00a0\u00bb4.27.4&Prime; _module_preset=\u00a0\u00bbdefault\u00a0\u00bb global_colors_info=\u00a0\u00bb{}\u00a0\u00bb][et_pb_image src=\u00a0\u00bbhttps:\/\/bernardfroment.com\/wp-content\/uploads\/2025\/07\/Facade-nord-eglise-Ancone-025.jpg\u00a0\u00bb title_text=\u00a0\u00bbFacade-nord-eglise-Ancone-025&Prime; show_in_lightbox=\u00a0\u00bbon\u00a0\u00bb _builder_version=\u00a0\u00bb4.27.4&Prime; _module_preset=\u00a0\u00bbdefault\u00a0\u00bb global_colors_info=\u00a0\u00bb{}\u00a0\u00bb][\/et_pb_image][et_pb_text _builder_version=\u00a0\u00bb4.27.4&Prime; _module_preset=\u00a0\u00bbdefault\u00a0\u00bb text_font=\u00a0\u00bb||||||||\u00a0\u00bb text_text_color=\u00a0\u00bb#FFFFFF\u00a0\u00bb text_font_size=\u00a0\u00bb16px\u00a0\u00bb global_colors_info=\u00a0\u00bb{}\u00a0\u00bb]<\/p>\n<p style=\"text-align: center;\"><strong>Vitrail nord 2<\/strong><br \/>Eglise d&rsquo;Anc\u00f4ne<\/p>\n<p>[\/et_pb_text][\/et_pb_column][et_pb_column type=\u00a0\u00bb1_3&Prime; _builder_version=\u00a0\u00bb4.27.4&Prime; _module_preset=\u00a0\u00bbdefault\u00a0\u00bb global_colors_info=\u00a0\u00bb{}\u00a0\u00bb][et_pb_image src=\u00a0\u00bbhttps:\/\/bernardfroment.com\/wp-content\/uploads\/2025\/07\/Facade-ouest-eglise-Ancone-modifie.jpg\u00a0\u00bb title_text=\u00a0\u00bbFa\u00e7ade ouest \u00e9glise Anc\u00f4ne\u00a0\u00bb show_in_lightbox=\u00a0\u00bbon\u00a0\u00bb _builder_version=\u00a0\u00bb4.27.4&Prime; _module_preset=\u00a0\u00bbdefault\u00a0\u00bb global_colors_info=\u00a0\u00bb{}\u00a0\u00bb][\/et_pb_image][et_pb_text _builder_version=\u00a0\u00bb4.27.4&Prime; _module_preset=\u00a0\u00bbdefault\u00a0\u00bb text_font=\u00a0\u00bb||||||||\u00a0\u00bb text_text_color=\u00a0\u00bb#FFFFFF\u00a0\u00bb text_font_size=\u00a0\u00bb16px\u00a0\u00bb global_colors_info=\u00a0\u00bb{}\u00a0\u00bb]<\/p>\n<p style=\"text-align: center;\"><strong>Vitrail ouest<\/strong><br \/>Eglise d&rsquo;Anc\u00f4ne<\/p>\n<p>[\/et_pb_text][\/et_pb_column][\/et_pb_row][\/et_pb_section][et_pb_section fb_built=\u00a0\u00bb1&Prime; _builder_version=\u00a0\u00bb4.27.4&Prime; _module_preset=\u00a0\u00bbdefault\u00a0\u00bb background_color=\u00a0\u00bbRGBA(255,255,255,0)\u00a0\u00bb background_image=\u00a0\u00bbhttps:\/\/bernardfroment.com\/wp-content\/uploads\/2025\/07\/PC311713.jpg\u00a0\u00bb height=\u00a0\u00bb510px\u00a0\u00bb bottom_divider_style=\u00a0\u00bbwave2&Prime; bottom_divider_color=\u00a0\u00bb#000000&Prime; locked=\u00a0\u00bboff\u00a0\u00bb global_colors_info=\u00a0\u00bb{}\u00a0\u00bb bottom_divider_height__hover_enabled=\u00a0\u00bbon|hover\u00a0\u00bb bottom_divider_height__hover=\u00a0\u00bb32px\u00a0\u00bb][\/et_pb_section]<\/p>\n","protected":false},"excerpt":{"rendered":"<p>VitrauxVitrail nordEglise d&rsquo;Anc\u00f4neVitrail nord 2Eglise d&rsquo;Anc\u00f4neVitrail ouestEglise d&rsquo;Anc\u00f4ne<\/p>\n","protected":false},"author":3,"featured_media":0,"parent":21245528,"menu_order":0,"comment_status":"closed","ping_status":"closed","template":"","meta":{"_et_pb_use_builder":"on","_et_pb_old_content":"","_et_gb_content_width":"","footnotes":""},"dipi_cpt_category":[],"class_list":["post-25835006","page","type-page","status-publish","hentry"],"_links":{"self":[{"href":"https:\/\/bernardfroment.com\/fr\/wp-json\/wp\/v2\/pages\/25835006","targetHints":{"allow":["GET"]}}],"collection":[{"href":"https:\/\/bernardfroment.com\/fr\/wp-json\/wp\/v2\/pages"}],"about":[{"href":"https:\/\/bernardfroment.com\/fr\/wp-json\/wp\/v2\/types\/page"}],"author":[{"embeddable":true,"href":"https:\/\/bernardfroment.com\/fr\/wp-json\/wp\/v2\/users\/3"}],"replies":[{"embeddable":true,"href":"https:\/\/bernardfroment.com\/fr\/wp-json\/wp\/v2\/comments?post=25835006"}],"version-history":[{"count":12,"href":"https:\/\/bernardfroment.com\/fr\/wp-json\/wp\/v2\/pages\/25835006\/revisions"}],"predecessor-version":[{"id":25835087,"href":"https:\/\/bernardfroment.com\/fr\/wp-json\/wp\/v2\/pages\/25835006\/revisions\/25835087"}],"up":[{"embeddable":true,"href":"https:\/\/bernardfroment.com\/fr\/wp-json\/wp\/v2\/pages\/21245528"}],"wp:attachment":[{"href":"https:\/\/bernardfroment.com\/fr\/wp-json\/wp\/v2\/media?parent=25835006"}],"wp:term":[{"taxonomy":"dipi_cpt_category","embeddable":true,"href":"https:\/\/bernardfroment.com\/fr\/wp-json\/wp\/v2\/dipi_cpt_category?post=25835006"}],"curies":[{"name":"wp","href":"https:\/\/api.w.org\/{rel}","templated":true}]}}